{"id":224,"date":"2019-08-06T18:48:36","date_gmt":"2019-08-06T18:48:36","guid":{"rendered":"http:\/\/czarnecki.study\/?page_id=224"},"modified":"2019-09-27T18:17:50","modified_gmt":"2019-09-27T18:17:50","slug":"tutorials-session-organizer","status":"publish","type":"page","link":"https:\/\/czarnecki.study\/index.php\/research\/tutorials-session-organizer\/","title":{"rendered":"Tutorials, Session Organizer"},"content":{"rendered":"<h2>T16. IEEE International Conference on Environment and Electrical Engineering (EEEIC 2018): Organizer of a Special Session on \u201c<em>Ac Arc Furnaces Compensation<\/em>\u201d Palermo, 2018.<\/h2>\n<p>T15. Conference on Automatic Control and Disturbances in Electrical System, INFOTECH: <strong>Tutorial<\/strong> on: \u201c<em>Wsp\u00f3\u0142czynnik mocy odbiornik\u00f3w elektrycznych (ang.: Power factor of electrical loads)\u201d<\/em> Jurata, 2018, Poland.<\/p>\n<p>T14.\u00a0 Gliwice University of Technology, Poland, June 22: Renewable Energy Conversatoty, <strong>Tutorial<\/strong> on \u201c<em>Physical<\/em> <em>Causes of the Power Factor Degradation\u201d<\/em>.<\/p>\n<p>T13. Taiwan Power System, TaiPower Company, Taipei: <strong>Tutorial<\/strong> on: \u201c<em>Powers and Reactive Balancing in Unbalanced Three-Phase Systems with Neutral Conductor<\/em>\u201d, June 5, 2013.<\/p>\n<p>T12.\u00a0 <strong>Tutorial<\/strong> on: \u201cMeta-Theory of Electric Powers and Present State of Power Theory of Circuits with Periodic Voltages and Currents\u201d, <em>International School on Nonsinusoidal Currents and Compensation, ISNCC 2013, <\/em>Zielona Gora, Poland, June 18-21, 2013.<\/p>\n<p>T11. International School on Nonsinusoidal Currents and Compensation, ISNCC 2010, \u0141agow, Poland: <strong>Tutorial<\/strong> on \u201c<em>CPC-based Comparison of Compensation Goals in Systems with Nonsinusoidal Voltages and Currents<\/em>,\u201d Poland, June 15-19, 2010.<\/p>\n<p>T10. International School on Nonsinusoidal Currents and Compensation, ISNCC 2008, \u0141agow, Poland: <strong>Tutorial <\/strong>on \u201c<em>Currents\u2019 Physical Components (CPC) Concept: a Fundamental for Power Theory<\/em>,\u201d June 18, 2008.<\/p>\n<p>T9. International Conference on Measurement Technology and Instrumentation (I2MTI), Torino, Italy, May 22: <strong>Tutorial<\/strong> on <em>\u201cNew Challenges for Power Measurements set by the Currents\u2019 Physical Components (CPC) \u2013 based Power Theory\u201d.<\/em><\/p>\n<p>T8. National Taiwan University of Science and Technology; Taipei, Conference on Advanced Power Technologies and Smart Grid. <strong>Tutorial<\/strong> on: \u201c<em>Fundamentals of Current\u2019s Physical Components (CPC) \u2013 based Power Theory of Systems with Nonsinusoidal Voltages and Currents<\/em>\u201d, July 2, 2013.<\/p>\n<p>T7. Lwow University of Technology, Ukraine, <strong>Tutorial <\/strong>on \u201d<em>Power Theory of Electrical Systems<\/em>,\u201d June 8-9, 2008.<\/p>\n<p>T6. 7th School on Electrical Engineering of Nonsinusoidal Currents, EPN\u201904, Lubiat\u00f3w, Poland. <strong>Key Note<\/strong> on \u201c<em>Currents\u2019 Physical Components and Powers on Systems with Pulsing Flow of Energy<\/em>\u201d, June 2004.<\/p>\n<p>T5<em>. <\/em>2000 IEEE PES Summer Meeting, <strong>Organizer and Lecturer<\/strong> of a Panel Discussion on<em> &#8220;A Quest for Effective Methods of Harmonic Suppression and Instrumentation for that Purpose&#8221; <\/em>Seattle, USA, July 2000.<\/p>\n<p>T4. 2000 IEEE PES Summer Meeting, <strong>Organizer and Lecturer<\/strong> of a Panel Discussion on<em> &#8221; Non-Periodic Currents: Their Identification and Compensation&#8221;, <\/em>Seattle, USA, July 2000<em>.<\/em><\/p>\n<p>T3. Conference on Electrical Engineering of Nonsinusoidal Currents, Zielona G\u00f3ra, Poland, <strong>Tutorial<\/strong> on \u201c<em>Reactive and Apparent Powers: is Everything Clarified Now?<\/em>\u201d 2000.<\/p>\n<p>T2. Power Engineering Society (PES) International Transmission and Distribution Conference, <strong>Organizer and Lecturer<\/strong> of a Panel Discussion on<em> &#8220;Nonperidic Currents in Power System; Causes and Identification&#8221;, <\/em>New Orleans, April 1999.<\/p>\n<p>T1. L.S.Czarnecki, &#8220;Comparison of power definitions for circuits with nonsinusoidal waveforms,&#8221; <em>IEEE <\/em><strong>Tutorial<\/strong><em>, Course Text, 90EH0327-7-PWR,<\/em> 1991, PES Wint. Meeting, (New York, 1991).<\/p>\n","protected":false},"excerpt":{"rendered":"<p>T16. IEEE International Conference on Environment and Electrical Engineering (EEEIC 2018): Organizer of a Special Session on \u201cAc Arc Furnaces&hellip; <\/p>\n","protected":false},"author":1,"featured_media":1903,"parent":195,"menu_order":40,"comment_status":"closed","ping_status":"closed","template":"page-templates\/full-width.php","meta":{"footnotes":""},"class_list":["post-224","page","type-page","status-publish","has-post-thumbnail","hentry"],"_links":{"self":[{"href":"https:\/\/czarnecki.study\/index.php\/wp-json\/wp\/v2\/pages\/224","targetHints":{"allow":["GET"]}}],"collection":[{"href":"https:\/\/czarnecki.study\/index.php\/wp-json\/wp\/v2\/pages"}],"about":[{"href":"https:\/\/czarnecki.study\/index.php\/wp-json\/wp\/v2\/types\/page"}],"author":[{"embeddable":true,"href":"https:\/\/czarnecki.study\/index.php\/wp-json\/wp\/v2\/users\/1"}],"replies":[{"embeddable":true,"href":"https:\/\/czarnecki.study\/index.php\/wp-json\/wp\/v2\/comments?post=224"}],"version-history":[{"count":1,"href":"https:\/\/czarnecki.study\/index.php\/wp-json\/wp\/v2\/pages\/224\/revisions"}],"predecessor-version":[{"id":225,"href":"https:\/\/czarnecki.study\/index.php\/wp-json\/wp\/v2\/pages\/224\/revisions\/225"}],"up":[{"embeddable":true,"href":"https:\/\/czarnecki.study\/index.php\/wp-json\/wp\/v2\/pages\/195"}],"wp:featuredmedia":[{"embeddable":true,"href":"https:\/\/czarnecki.study\/index.php\/wp-json\/wp\/v2\/media\/1903"}],"wp:attachment":[{"href":"https:\/\/czarnecki.study\/index.php\/wp-json\/wp\/v2\/media?parent=224"}],"curies":[{"name":"wp","href":"https:\/\/api.w.org\/{rel}","templated":true}]}}