{"id":524,"date":"2019-08-07T18:52:57","date_gmt":"2019-08-07T18:52:57","guid":{"rendered":"http:\/\/czarnecki.study\/?page_id=524"},"modified":"2020-08-09T03:46:34","modified_gmt":"2020-08-09T03:46:34","slug":"cordiliera-huayashi","status":"publish","type":"page","link":"https:\/\/czarnecki.study\/index.php\/personal\/mountaineering\/cordiliera-huayashi\/","title":{"rendered":"Cordillera Huayhuash"},"content":{"rendered":"<h2 style=\"text-align: center;\"><strong>Yerupaja \u2013 Andes<\/strong><\/h2>\n<p><strong>\u00a0\u00a0\u00a0\u00a0\u00a0 Yerupaja (6635m), located in the Cordillera Huayhuash in Peruvian Andes, is the second-highest summit in South America. It is both beautiful and difficult: The pick raises more than 1000m above a strongly cracked glacier, as an almost vertical icy wall. Moreover, the area is tectonically very active.<\/strong><\/p>\n<p><img loading=\"lazy\" decoding=\"async\" class=\" wp-image-2111 alignleft\" src=\"http:\/\/czarnecki.study\/wp-content\/uploads\/2020\/08\/1-200x300.jpg\" alt=\"\" width=\"252\" height=\"379\" srcset=\"https:\/\/czarnecki.study\/wp-content\/uploads\/2020\/08\/1-200x300.jpg 200w, https:\/\/czarnecki.study\/wp-content\/uploads\/2020\/08\/1-768x1155.jpg 768w, https:\/\/czarnecki.study\/wp-content\/uploads\/2020\/08\/1-681x1024.jpg 681w, https:\/\/czarnecki.study\/wp-content\/uploads\/2020\/08\/1.jpg 1219w\" sizes=\"auto, (max-width: 252px) 100vw, 252px\" \/><\/p>\n<p><strong>\u00a0\u00a0\u00a0\u00a0\u00a0 In 1981 Gliwice Mountaineering Club arranged an Expedition to climb it. It was composed of nine climbers: Janusz Baranek, Andrzej Czok, Stanis\u0142aw Cholewa, Leszek Czarnecki, Ma\u0142gorzata Kie\u0142kowska, Jan Kie\u0142kowski, El\u017cbieta Skorek, Janusz Skorek, and Tadeusz Szulc.<\/strong><\/p>\n<p><strong>\u00a0\u00a0\u00a0\u00a0\u00a0 The Cordillera Huayhuash was reached in three days-long walks, with mules, which carried the food and equipment for one month-long operation. The Expedition Base was established near a post-glacier lake, at the level of 4000m. A trout in the lake was a special attraction to this camping place. J. Skorek knew about it before we came to Huayhuash and brought fishing rods, which proved to be very useful.<\/strong><\/p>\n<p><img loading=\"lazy\" decoding=\"async\" class=\"wp-image-2114 alignright\" src=\"http:\/\/czarnecki.study\/wp-content\/uploads\/2020\/08\/4-300x168.jpg\" alt=\"\" width=\"464\" height=\"260\" srcset=\"https:\/\/czarnecki.study\/wp-content\/uploads\/2020\/08\/4-300x168.jpg 300w, https:\/\/czarnecki.study\/wp-content\/uploads\/2020\/08\/4-768x431.jpg 768w, https:\/\/czarnecki.study\/wp-content\/uploads\/2020\/08\/4-1024x575.jpg 1024w\" sizes=\"auto, (max-width: 464px) 100vw, 464px\" \/><\/p>\n<p><strong> Very close, 150m above us was another glacier lake. Ten years earlier, a group of 20 climbers from Slovakia set a camp at the bottom of the moraine wall of that lake. An avalanche caused by an earthquake fall from Yerupaja slopes into the lake and created an enormous wave that broke the moraine. A huge amount of water run down from the lake by a V-shaped gap, reducing its level by 50m. The Slovakian camp was obliterated. Nobody survived.<\/strong><\/p>\n<p><strong>\u00a0\u00a0\u00a0\u00a0\u00a0 Four weeks in Huayhuash we shared between climbing, fishing, and hunting after a nasty dog of an old Indian woman who had a home a half kilometer apart, a dog that lived on the food from our camp robbery.<\/strong><\/p>\n<p><strong>\u00a0\u00a0\u00a0\u00a0\u00a0 The Expedition has occurred to be successful: A. Czok, J. Skorek, and J. Baranek, in two-days climbing ascended the Yerupaja summit.<\/strong><\/p>\n<!-- Final Tiles Grid Gallery for WordPress v3.6.4 free --><style>#ftg-55 .tile .icon { color:#ffffff; }#ftg-55 .ftg-items .loading-bar i { background:#666; }#ftg-55 .ftg-items .loading-bar { background:#fff; }#ftg-55 .tile .icon { font-size:12px; }#ftg-55 .tile .icon { margin: -6px 0 0 -6px; }#ftg-55 .tile .caption-block .text-wrapper span.text { font-size:12px; }#ftg-55 .tile .caption-outside .text-wrapper span.text { font-size:12px; }#ftg-55 .tile .caption-block .text-wrapper span.title { font-size:14px; }#ftg-55 .tile .caption-outside .text-wrapper span.title { font-size:14px; }#ftg-55 .tile { background-color: transparent; }#ftg-55 .tile .caption-block .text-wrapper span.text { color: #ffffff; }#ftg-55 .tile .caption-block .text-wrapper span.title { color: #ffffff; }#ftg-55 .tile .caption-outside .text-wrapper span.text { color: #ffffff; }#ftg-55 .tile .caption-outside .text-wrapper span.title { color: #ffffff; }#ftg-55 .tile .ftg-social a { color: #ffffff; }#ftg-55 .tile .caption-block { transition-duration:0.25s; }#ftg-55 .tile .tile-inner:before { background-color: #000000; }#ftg-55 .tile .tile-inner:before { background-color: rgba(0, 0, 0, 0.8); }#ftg-55 .tile:hover img {-moz-transform: ;-webkit-transform: ;-o-transform: ;-ms-transform: ;transform: ;}<\/style><a name=\"5\"><\/a><div class=\"final-tiles-gallery  ftg-hover-enabled caption-inside  caption-none caption-middle caption-center\" id=\"ftg-55\" style=\"width: 100%\"><div class='ftg-items'><div class='loading-bar'><i><\/i><\/div><div  class='tile ftg-preload  '><a title=\"\" data-lightbox='ftg-55' rel='ftg-55'  class=' tile-inner  ftg-lightbox' href='https:\/\/czarnecki.study\/wp-content\/uploads\/2020\/08\/2-1-1024x515.jpg' ><img alt='' class='item skip-lazy' data-class='item' data-ftg-source='http:\/\/czarnecki.study\/wp-content\/uploads\/2020\/08\/2-1-1024x515.jpg' src='http:\/\/czarnecki.study\/wp-content\/uploads\/2020\/08\/2-1-1024x515.jpg' width='1562' height='785' \/><\/a><div class='ftg-social'><\/div><\/div><div  class='tile ftg-preload  '><a title=\"\" data-lightbox='ftg-55' rel='ftg-55'  class=' tile-inner  ftg-lightbox' href='https:\/\/czarnecki.study\/wp-content\/uploads\/2019\/08\/Peru_03-1024x680.jpg' ><img alt='' class='item skip-lazy' data-class='item' data-ftg-source='http:\/\/czarnecki.study\/wp-content\/uploads\/2019\/08\/Peru_03-1024x680.jpg' src='http:\/\/czarnecki.study\/wp-content\/uploads\/2019\/08\/Peru_03-1024x680.jpg' width='1842' height='1224' \/><\/a><div class='ftg-social'><\/div><\/div><div  class='tile ftg-preload  '><a title=\"\" data-lightbox='ftg-55' rel='ftg-55'  class=' tile-inner  ftg-lightbox' href='https:\/\/czarnecki.study\/wp-content\/uploads\/2019\/08\/Peru_04-1024x685.jpg' ><img alt='' class='item skip-lazy' data-class='item' data-ftg-source='http:\/\/czarnecki.study\/wp-content\/uploads\/2019\/08\/Peru_04-1024x685.jpg' src='http:\/\/czarnecki.study\/wp-content\/uploads\/2019\/08\/Peru_04-1024x685.jpg' width='1829' height='1224' \/><\/a><div class='ftg-social'><\/div><\/div><div  class='tile ftg-preload  '><a title=\"\" data-lightbox='ftg-55' rel='ftg-55'  class=' tile-inner  ftg-lightbox' href='https:\/\/czarnecki.study\/wp-content\/uploads\/2019\/08\/Peru_06-1024x682.jpg' ><img alt='' class='item skip-lazy' data-class='item' data-ftg-source='http:\/\/czarnecki.study\/wp-content\/uploads\/2019\/08\/Peru_06-1024x682.jpg' src='http:\/\/czarnecki.study\/wp-content\/uploads\/2019\/08\/Peru_06-1024x682.jpg' width='1835' height='1222' \/><\/a><div class='ftg-social'><\/div><\/div><div  class='tile ftg-preload  '><a title=\"\" data-lightbox='ftg-55' rel='ftg-55'  class=' tile-inner  ftg-lightbox' href='https:\/\/czarnecki.study\/wp-content\/uploads\/2019\/08\/Peru_05-1024x681.jpg' ><img alt='' class='item skip-lazy' data-class='item' data-ftg-source='http:\/\/czarnecki.study\/wp-content\/uploads\/2019\/08\/Peru_05-1024x681.jpg' src='http:\/\/czarnecki.study\/wp-content\/uploads\/2019\/08\/Peru_05-1024x681.jpg' width='1833' height='1219' \/><\/a><div class='ftg-social'><\/div><\/div><div  class='tile ftg-preload  '><a title=\"\" data-lightbox='ftg-55' rel='ftg-55'  class=' tile-inner  ftg-lightbox' href='https:\/\/czarnecki.study\/wp-content\/uploads\/2020\/08\/3-1-1024x564.jpg' ><img alt='' class='item skip-lazy' data-class='item' data-ftg-source='http:\/\/czarnecki.study\/wp-content\/uploads\/2020\/08\/3-1-1024x564.jpg' src='http:\/\/czarnecki.study\/wp-content\/uploads\/2020\/08\/3-1-1024x564.jpg' width='1479' height='815' \/><\/a><div class='ftg-social'><\/div><\/div><div  class='tile ftg-preload  '><a title=\"\" data-lightbox='ftg-55' rel='ftg-55'  class=' tile-inner  ftg-lightbox' href='https:\/\/czarnecki.study\/wp-content\/uploads\/2020\/08\/4-1-1024x575.jpg' ><img alt='' class='item skip-lazy' data-class='item' data-ftg-source='http:\/\/czarnecki.study\/wp-content\/uploads\/2020\/08\/4-1-1024x575.jpg' src='http:\/\/czarnecki.study\/wp-content\/uploads\/2020\/08\/4-1-1024x575.jpg' width='2955' height='1658' \/><\/a><div class='ftg-social'><\/div><\/div><div  class='tile ftg-preload  '><a title=\"\" data-lightbox='ftg-55' rel='ftg-55'  class=' tile-inner  ftg-lightbox' href='https:\/\/czarnecki.study\/wp-content\/uploads\/2019\/08\/Peru_07-1024x681.jpg' ><img alt='' class='item skip-lazy' data-class='item' data-ftg-source='http:\/\/czarnecki.study\/wp-content\/uploads\/2019\/08\/Peru_07-1024x681.jpg' src='http:\/\/czarnecki.study\/wp-content\/uploads\/2019\/08\/Peru_07-1024x681.jpg' width='1833' height='1219' \/><\/a><div class='ftg-social'><\/div><\/div><div  class='tile ftg-preload  '><a title=\"\" data-lightbox='ftg-55' rel='ftg-55'  class=' tile-inner  ftg-lightbox' href='https:\/\/czarnecki.study\/wp-content\/uploads\/2019\/08\/Peru_08-681x1024.jpg' ><img alt='' class='item skip-lazy' data-class='item' data-ftg-source='http:\/\/czarnecki.study\/wp-content\/uploads\/2019\/08\/Peru_08-681x1024.jpg' src='http:\/\/czarnecki.study\/wp-content\/uploads\/2019\/08\/Peru_08-681x1024.jpg' width='1219' height='1833' \/><\/a><div class='ftg-social'><\/div><\/div><div  class='tile ftg-preload  '><a title=\"\" data-lightbox='ftg-55' rel='ftg-55'  class=' tile-inner  ftg-lightbox' href='https:\/\/czarnecki.study\/wp-content\/uploads\/2019\/08\/Peru_02-1024x682.jpg' ><img alt='' class='item skip-lazy' data-class='item' data-ftg-source='http:\/\/czarnecki.study\/wp-content\/uploads\/2019\/08\/Peru_02-1024x682.jpg' src='http:\/\/czarnecki.study\/wp-content\/uploads\/2019\/08\/Peru_02-1024x682.jpg' width='1814' height='1209' \/><\/a><div class='ftg-social'><\/div><\/div><div  class='tile ftg-preload  '><a title=\"\" data-lightbox='ftg-55' rel='ftg-55'  class=' tile-inner  ftg-lightbox' href='https:\/\/czarnecki.study\/wp-content\/uploads\/2019\/08\/Peru_09-1024x686.jpg' ><img alt='' class='item skip-lazy' data-class='item' data-ftg-source='http:\/\/czarnecki.study\/wp-content\/uploads\/2019\/08\/Peru_09-1024x686.jpg' src='http:\/\/czarnecki.study\/wp-content\/uploads\/2019\/08\/Peru_09-1024x686.jpg' width='1840' height='1233' \/><\/a><div class='ftg-social'><\/div><\/div><div  class='tile ftg-preload  '><a title=\"\" data-lightbox='ftg-55' rel='ftg-55'  class=' tile-inner  ftg-lightbox' href='https:\/\/czarnecki.study\/wp-content\/uploads\/2020\/08\/15-683x1024.jpg' ><img alt='' class='item skip-lazy' data-class='item' data-ftg-source='http:\/\/czarnecki.study\/wp-content\/uploads\/2020\/08\/15-683x1024.jpg' src='http:\/\/czarnecki.study\/wp-content\/uploads\/2020\/08\/15-683x1024.jpg' width='1212' height='1816' \/><\/a><div class='ftg-social'><\/div><\/div><div  class='tile ftg-preload  '><a title=\"\" data-lightbox='ftg-55' rel='ftg-55'  class=' tile-inner  ftg-lightbox' href='https:\/\/czarnecki.study\/wp-content\/uploads\/2020\/08\/38-685x1024.jpg' ><img alt='' class='item skip-lazy' data-class='item' data-ftg-source='http:\/\/czarnecki.study\/wp-content\/uploads\/2020\/08\/38-685x1024.jpg' src='http:\/\/czarnecki.study\/wp-content\/uploads\/2020\/08\/38-685x1024.jpg' width='1224' height='1829' \/><\/a><div class='ftg-social'><\/div><\/div><div  class='tile ftg-preload  '><a title=\"\" data-lightbox='ftg-55' rel='ftg-55'  class=' tile-inner  ftg-lightbox' href='https:\/\/czarnecki.study\/wp-content\/uploads\/2019\/08\/Peru_10-683x1024.jpg' ><img alt='' class='item skip-lazy' data-class='item' data-ftg-source='http:\/\/czarnecki.study\/wp-content\/uploads\/2019\/08\/Peru_10-683x1024.jpg' src='http:\/\/czarnecki.study\/wp-content\/uploads\/2019\/08\/Peru_10-683x1024.jpg' width='1212' height='1816' \/><\/a><div class='ftg-social'><\/div><\/div><div  class='tile ftg-preload  '><a title=\"\" data-lightbox='ftg-55' rel='ftg-55'  class=' tile-inner  ftg-lightbox' href='https:\/\/czarnecki.study\/wp-content\/uploads\/2019\/08\/Peru_11-685x1024.jpg' ><img alt='' class='item skip-lazy' data-class='item' data-ftg-source='http:\/\/czarnecki.study\/wp-content\/uploads\/2019\/08\/Peru_11-685x1024.jpg' src='http:\/\/czarnecki.study\/wp-content\/uploads\/2019\/08\/Peru_11-685x1024.jpg' width='1224' height='1829' \/><\/a><div class='ftg-social'><\/div><\/div><div  class='tile ftg-preload  '><a title=\"\" data-lightbox='ftg-55' rel='ftg-55'  class=' tile-inner  ftg-lightbox' href='https:\/\/czarnecki.study\/wp-content\/uploads\/2019\/08\/Peru_12-1024x691.jpg' ><img alt='' class='item skip-lazy' data-class='item' data-ftg-source='http:\/\/czarnecki.study\/wp-content\/uploads\/2019\/08\/Peru_12-1024x691.jpg' src='http:\/\/czarnecki.study\/wp-content\/uploads\/2019\/08\/Peru_12-1024x691.jpg' width='1816' height='1226' \/><\/a><div class='ftg-social'><\/div><\/div><div  class='tile ftg-preload  '><a title=\"\" data-lightbox='ftg-55' rel='ftg-55'  class=' tile-inner  ftg-lightbox' href='https:\/\/czarnecki.study\/wp-content\/uploads\/2019\/08\/Peru_13-1024x688.jpg' ><img alt='' class='item skip-lazy' data-class='item' data-ftg-source='http:\/\/czarnecki.study\/wp-content\/uploads\/2019\/08\/Peru_13-1024x688.jpg' src='http:\/\/czarnecki.study\/wp-content\/uploads\/2019\/08\/Peru_13-1024x688.jpg' width='1835' height='1233' \/><\/a><div class='ftg-social'><\/div><\/div><div  class='tile ftg-preload  '><a title=\"\" data-lightbox='ftg-55' rel='ftg-55'  class=' tile-inner  ftg-lightbox' href='https:\/\/czarnecki.study\/wp-content\/uploads\/2019\/08\/Peru_14-688x1024.jpg' ><img alt='' class='item skip-lazy' data-class='item' data-ftg-source='http:\/\/czarnecki.study\/wp-content\/uploads\/2019\/08\/Peru_14-688x1024.jpg' src='http:\/\/czarnecki.study\/wp-content\/uploads\/2019\/08\/Peru_14-688x1024.jpg' width='1233' height='1835' \/><\/a><div class='ftg-social'><\/div><\/div><div  class='tile ftg-preload  '><a title=\"\" data-lightbox='ftg-55' rel='ftg-55'  class=' tile-inner  ftg-lightbox' href='https:\/\/czarnecki.study\/wp-content\/uploads\/2019\/08\/Peru_17-682x1024.jpg' ><img alt='' class='item skip-lazy' data-class='item' data-ftg-source='http:\/\/czarnecki.study\/wp-content\/uploads\/2019\/08\/Peru_17-682x1024.jpg' src='http:\/\/czarnecki.study\/wp-content\/uploads\/2019\/08\/Peru_17-682x1024.jpg' width='1222' height='1835' \/><\/a><div class='ftg-social'><\/div><\/div><div  class='tile ftg-preload  '><a title=\"\" data-lightbox='ftg-55' rel='ftg-55'  class=' tile-inner  ftg-lightbox' href='https:\/\/czarnecki.study\/wp-content\/uploads\/2019\/08\/Peru_15-1024x688.jpg' ><img alt='' class='item skip-lazy' data-class='item' data-ftg-source='http:\/\/czarnecki.study\/wp-content\/uploads\/2019\/08\/Peru_15-1024x688.jpg' src='http:\/\/czarnecki.study\/wp-content\/uploads\/2019\/08\/Peru_15-1024x688.jpg' width='1835' height='1233' \/><\/a><div class='ftg-social'><\/div><\/div><div  class='tile ftg-preload  '><a title=\"\" data-lightbox='ftg-55' rel='ftg-55'  class=' tile-inner  ftg-lightbox' href='https:\/\/czarnecki.study\/wp-content\/uploads\/2019\/08\/Peru_16-1024x682.jpg' ><img alt='' class='item skip-lazy' data-class='item' data-ftg-source='http:\/\/czarnecki.study\/wp-content\/uploads\/2019\/08\/Peru_16-1024x682.jpg' src='http:\/\/czarnecki.study\/wp-content\/uploads\/2019\/08\/Peru_16-1024x682.jpg' width='1835' height='1222' \/><\/a><div class='ftg-social'><\/div><\/div><div  class='tile ftg-preload  '><a title=\"\" data-lightbox='ftg-55' rel='ftg-55'  class=' tile-inner  ftg-lightbox' href='https:\/\/czarnecki.study\/wp-content\/uploads\/2019\/08\/Peru_18-1024x683.jpg' ><img alt='' class='item skip-lazy' data-class='item' data-ftg-source='http:\/\/czarnecki.study\/wp-content\/uploads\/2019\/08\/Peru_18-1024x683.jpg' src='http:\/\/czarnecki.study\/wp-content\/uploads\/2019\/08\/Peru_18-1024x683.jpg' width='1830' height='1220' \/><\/a><div class='ftg-social'><\/div><\/div><div  class='tile ftg-preload  '><a title=\"\" data-lightbox='ftg-55' rel='ftg-55'  class=' tile-inner  ftg-lightbox' href='https:\/\/czarnecki.study\/wp-content\/uploads\/2019\/08\/Peru_19-1024x672.jpg' ><img alt='' class='item skip-lazy' data-class='item' data-ftg-source='http:\/\/czarnecki.study\/wp-content\/uploads\/2019\/08\/Peru_19-1024x672.jpg' src='http:\/\/czarnecki.study\/wp-content\/uploads\/2019\/08\/Peru_19-1024x672.jpg' width='1839' height='1206' \/><\/a><div class='ftg-social'><\/div><\/div><div  class='tile ftg-preload  '><a title=\"\" data-lightbox='ftg-55' rel='ftg-55'  class=' tile-inner  ftg-lightbox' href='https:\/\/czarnecki.study\/wp-content\/uploads\/2019\/08\/Peru_20-681x1024.jpg' ><img alt='' class='item skip-lazy' data-class='item' data-ftg-source='http:\/\/czarnecki.study\/wp-content\/uploads\/2019\/08\/Peru_20-681x1024.jpg' src='http:\/\/czarnecki.study\/wp-content\/uploads\/2019\/08\/Peru_20-681x1024.jpg' width='1227' height='1846' \/><\/a><div class='ftg-social'><\/div><\/div><div  class='tile ftg-preload  '><a title=\"\" data-lightbox='ftg-55' rel='ftg-55'  class=' tile-inner  ftg-lightbox' href='https:\/\/czarnecki.study\/wp-content\/uploads\/2019\/08\/Peru_21-681x1024.jpg' ><img alt='' class='item skip-lazy' data-class='item' data-ftg-source='http:\/\/czarnecki.study\/wp-content\/uploads\/2019\/08\/Peru_21-681x1024.jpg' src='http:\/\/czarnecki.study\/wp-content\/uploads\/2019\/08\/Peru_21-681x1024.jpg' width='1227' height='1846' \/><\/a><div class='ftg-social'><\/div><\/div><div  class='tile ftg-preload  '><a title=\"\" data-lightbox='ftg-55' rel='ftg-55'  class=' tile-inner  ftg-lightbox' href='https:\/\/czarnecki.study\/wp-content\/uploads\/2019\/08\/Peru_22-681x1024.jpg' ><img alt='' class='item skip-lazy' data-class='item' data-ftg-source='http:\/\/czarnecki.study\/wp-content\/uploads\/2019\/08\/Peru_22-681x1024.jpg' src='http:\/\/czarnecki.study\/wp-content\/uploads\/2019\/08\/Peru_22-681x1024.jpg' width='1227' height='1846' \/><\/a><div class='ftg-social'><\/div><\/div><div  class='tile ftg-preload  '><a title=\"\" data-lightbox='ftg-55' rel='ftg-55'  class=' tile-inner  ftg-lightbox' href='https:\/\/czarnecki.study\/wp-content\/uploads\/2019\/08\/Peru_23-681x1024.jpg' ><img alt='' class='item skip-lazy' data-class='item' data-ftg-source='http:\/\/czarnecki.study\/wp-content\/uploads\/2019\/08\/Peru_23-681x1024.jpg' src='http:\/\/czarnecki.study\/wp-content\/uploads\/2019\/08\/Peru_23-681x1024.jpg' width='1227' height='1846' \/><\/a><div class='ftg-social'><\/div><\/div><div  class='tile ftg-preload  '><a title=\"\" data-lightbox='ftg-55' rel='ftg-55'  class=' tile-inner  ftg-lightbox' href='https:\/\/czarnecki.study\/wp-content\/uploads\/2019\/08\/Peru_24-685x1024.jpg' ><img alt='' class='item skip-lazy' data-class='item' data-ftg-source='http:\/\/czarnecki.study\/wp-content\/uploads\/2019\/08\/Peru_24-685x1024.jpg' src='http:\/\/czarnecki.study\/wp-content\/uploads\/2019\/08\/Peru_24-685x1024.jpg' width='1233' height='1844' \/><\/a><div class='ftg-social'><\/div><\/div><div  class='tile ftg-preload  '><a title=\"\" data-lightbox='ftg-55' rel='ftg-55'  class=' tile-inner  ftg-lightbox' href='https:\/\/czarnecki.study\/wp-content\/uploads\/2019\/08\/Peru_25-685x1024.jpg' ><img alt='' class='item skip-lazy' data-class='item' data-ftg-source='http:\/\/czarnecki.study\/wp-content\/uploads\/2019\/08\/Peru_25-685x1024.jpg' src='http:\/\/czarnecki.study\/wp-content\/uploads\/2019\/08\/Peru_25-685x1024.jpg' width='1233' height='1844' \/><\/a><div class='ftg-social'><\/div><\/div><div  class='tile ftg-preload  '><a title=\"\" data-lightbox='ftg-55' rel='ftg-55'  class=' tile-inner  ftg-lightbox' href='https:\/\/czarnecki.study\/wp-content\/uploads\/2019\/08\/Peru_26-688x1024.jpg' ><img alt='' class='item skip-lazy' data-class='item' data-ftg-source='http:\/\/czarnecki.study\/wp-content\/uploads\/2019\/08\/Peru_26-688x1024.jpg' src='http:\/\/czarnecki.study\/wp-content\/uploads\/2019\/08\/Peru_26-688x1024.jpg' width='1224' height='1823' \/><\/a><div class='ftg-social'><\/div><\/div><div  class='tile ftg-preload  '><a title=\"\" data-lightbox='ftg-55' rel='ftg-55'  class=' tile-inner  ftg-lightbox' href='https:\/\/czarnecki.study\/wp-content\/uploads\/2019\/08\/Peru_27-688x1024.jpg' ><img alt='' class='item skip-lazy' data-class='item' data-ftg-source='http:\/\/czarnecki.study\/wp-content\/uploads\/2019\/08\/Peru_27-688x1024.jpg' src='http:\/\/czarnecki.study\/wp-content\/uploads\/2019\/08\/Peru_27-688x1024.jpg' width='1224' height='1823' \/><\/a><div class='ftg-social'><\/div><\/div><div  class='tile ftg-preload  '><a title=\"\" data-lightbox='ftg-55' rel='ftg-55'  class=' tile-inner  ftg-lightbox' href='https:\/\/czarnecki.study\/wp-content\/uploads\/2019\/08\/Peru_28-1024x688.jpg' ><img alt='' class='item skip-lazy' data-class='item' data-ftg-source='http:\/\/czarnecki.study\/wp-content\/uploads\/2019\/08\/Peru_28-1024x688.jpg' src='http:\/\/czarnecki.study\/wp-content\/uploads\/2019\/08\/Peru_28-1024x688.jpg' width='1823' height='1224' \/><\/a><div class='ftg-social'><\/div><\/div><div  class='tile ftg-preload  '><a title=\"\" data-lightbox='ftg-55' rel='ftg-55'  class=' tile-inner  ftg-lightbox' href='https:\/\/czarnecki.study\/wp-content\/uploads\/2019\/08\/Peru_29-685x1024.jpg' ><img alt='' class='item skip-lazy' data-class='item' data-ftg-source='http:\/\/czarnecki.study\/wp-content\/uploads\/2019\/08\/Peru_29-685x1024.jpg' src='http:\/\/czarnecki.study\/wp-content\/uploads\/2019\/08\/Peru_29-685x1024.jpg' width='1224' height='1829' \/><\/a><div class='ftg-social'><\/div><\/div><div  class='tile ftg-preload  '><a title=\"\" data-lightbox='ftg-55' rel='ftg-55'  class=' tile-inner  ftg-lightbox' href='https:\/\/czarnecki.study\/wp-content\/uploads\/2019\/08\/Peru_30-685x1024.jpg' ><img alt='' class='item skip-lazy' data-class='item' data-ftg-source='http:\/\/czarnecki.study\/wp-content\/uploads\/2019\/08\/Peru_30-685x1024.jpg' src='http:\/\/czarnecki.study\/wp-content\/uploads\/2019\/08\/Peru_30-685x1024.jpg' width='1224' height='1829' \/><\/a><div class='ftg-social'><\/div><\/div><\/div><\/div>\n","protected":false},"excerpt":{"rendered":"<p>Yerupaja \u2013 Andes \u00a0\u00a0\u00a0\u00a0\u00a0 Yerupaja (6635m), located in the Cordillera Huayhuash in Peruvian Andes, is the second-highest summit in South&hellip; <\/p>\n","protected":false},"author":1,"featured_media":1899,"parent":241,"menu_order":0,"comment_status":"closed","ping_status":"closed","template":"page-templates\/full-width.php","meta":{"footnotes":""},"class_list":["post-524","page","type-page","status-publish","has-post-thumbnail","hentry"],"_links":{"self":[{"href":"https:\/\/czarnecki.study\/index.php\/wp-json\/wp\/v2\/pages\/524","targetHints":{"allow":["GET"]}}],"collection":[{"href":"https:\/\/czarnecki.study\/index.php\/wp-json\/wp\/v2\/pages"}],"about":[{"href":"https:\/\/czarnecki.study\/index.php\/wp-json\/wp\/v2\/types\/page"}],"author":[{"embeddable":true,"href":"https:\/\/czarnecki.study\/index.php\/wp-json\/wp\/v2\/users\/1"}],"replies":[{"embeddable":true,"href":"https:\/\/czarnecki.study\/index.php\/wp-json\/wp\/v2\/comments?post=524"}],"version-history":[{"count":8,"href":"https:\/\/czarnecki.study\/index.php\/wp-json\/wp\/v2\/pages\/524\/revisions"}],"predecessor-version":[{"id":2136,"href":"https:\/\/czarnecki.study\/index.php\/wp-json\/wp\/v2\/pages\/524\/revisions\/2136"}],"up":[{"embeddable":true,"href":"https:\/\/czarnecki.study\/index.php\/wp-json\/wp\/v2\/pages\/241"}],"wp:featuredmedia":[{"embeddable":true,"href":"https:\/\/czarnecki.study\/index.php\/wp-json\/wp\/v2\/media\/1899"}],"wp:attachment":[{"href":"https:\/\/czarnecki.study\/index.php\/wp-json\/wp\/v2\/media?parent=524"}],"curies":[{"name":"wp","href":"https:\/\/api.w.org\/{rel}","templated":true}]}}